{"id":421,"date":"2025-02-14T13:14:04","date_gmt":"2025-02-14T12:14:04","guid":{"rendered":"http:\/\/cantinamarseille.com\/?page_id=421"},"modified":"2026-03-24T10:55:22","modified_gmt":"2026-03-24T09:55:22","slug":"nous-soutenir","status":"publish","type":"page","link":"https:\/\/cantinamarseille.com\/index.php\/nous-soutenir\/","title":{"rendered":"Nous soutenir"},"content":{"rendered":"\t\t<div data-elementor-type=\"wp-page\" data-elementor-id=\"421\" class=\"elementor elementor-421\" data-elementor-settings=\"[]\">\n\t\t\t\t\t\t<div class=\"elementor-inner\">\n\t\t\t\t\t\t\t<div class=\"elementor-section-wrap\">\n\t\t\t\t\t\t\t<section class=\"elementor-section elementor-top-section elementor-element elementor-element-835bc81 elementor-section-boxed elementor-section-height-default elementor-section-height-default\" data-id=\"835bc81\" data-element_type=\"section\">\n\t\t\t\t\t\t<div class=\"elementor-container elementor-column-gap-default\">\n\t\t\t\t\t\t\t<div class=\"elementor-row\">\n\t\t\t\t\t<div class=\"elementor-column elementor-col-33 elementor-top-column elementor-element elementor-element-c3f6f2e\" data-id=\"c3f6f2e\" data-element_type=\"column\">\n\t\t\t<div class=\"elementor-column-wrap elementor-element-populated\">\n\t\t\t\t\t\t\t<div class=\"elementor-widget-wrap\">\n\t\t\t\t\t\t<div class=\"elementor-element elementor-element-14ba271 elementor-widget elementor-widget-image\" data-id=\"14ba271\" data-element_type=\"widget\" data-widget_type=\"image.default\">\n\t\t\t\t<div class=\"elementor-widget-container\">\n\t\t\t\t\t<div class=\"elementor-image\">\n\t\t\t\t\t\t\t\t\t\t<img loading=\"lazy\" decoding=\"async\" width=\"600\" height=\"600\" src=\"https:\/\/cantinamarseille.com\/wp-content\/uploads\/2025\/02\/WhatsApp-Image-2025-02-06-at-12.05.40.jpeg\" class=\"attachment-large size-large\" alt=\"https:\/\/www.helloasso.com\/associations\/cantina\/adhesions\/adhesion-a-cantina\" srcset=\"https:\/\/cantinamarseille.com\/wp-content\/uploads\/2025\/02\/WhatsApp-Image-2025-02-06-at-12.05.40.jpeg 600w, https:\/\/cantinamarseille.com\/wp-content\/uploads\/2025\/02\/WhatsApp-Image-2025-02-06-at-12.05.40-300x300.jpeg 300w, https:\/\/cantinamarseille.com\/wp-content\/uploads\/2025\/02\/WhatsApp-Image-2025-02-06-at-12.05.40-100x100.jpeg 100w, https:\/\/cantinamarseille.com\/wp-content\/uploads\/2025\/02\/WhatsApp-Image-2025-02-06-at-12.05.40-150x150.jpeg 150w\" sizes=\"auto, (max-width: 600px) 100vw, 600px\" \/>\t\t\t\t\t\t\t\t\t\t\t<\/div>\n\t\t\t\t<\/div>\n\t\t\t\t<\/div>\n\t\t\t\t\t\t<\/div>\n\t\t\t\t\t<\/div>\n\t\t<\/div>\n\t\t\t\t<div class=\"elementor-column elementor-col-66 elementor-top-column elementor-element elementor-element-49dcbe7\" data-id=\"49dcbe7\" data-element_type=\"column\">\n\t\t\t<div class=\"elementor-column-wrap elementor-element-populated\">\n\t\t\t\t\t\t\t<div class=\"elementor-widget-wrap\">\n\t\t\t\t\t\t<div class=\"elementor-element elementor-element-ec1c737 elementor-widget elementor-widget-text-editor\" data-id=\"ec1c737\" data-element_type=\"widget\" data-widget_type=\"text-editor.default\">\n\t\t\t\t<div class=\"elementor-widget-container\">\n\t\t\t\t\t<div class=\"elementor-text-editor elementor-clearfix\"><p>\u00a0<\/p><h4>Devenir b\u00e9n\u00e9vole<\/h4><p>Chaque semaine, rejoignez-nous pour valoriser la r\u00e9cup\u00e9ration des dons de fruits et l\u00e9gumes ou pour des glanages et cueillettes dans la r\u00e9gion. Contactez Clem au 06-18-10-61-34<\/p><h4>Adh\u00e9rer \u00e0 l&#8217;association<\/h4><\/div>\n\t\t\t\t<\/div>\n\t\t\t\t<\/div>\n\t\t\t\t\t\t<\/div>\n\t\t\t\t\t<\/div>\n\t\t<\/div>\n\t\t\t\t\t\t\t\t<\/div>\n\t\t\t\t\t<\/div>\n\t\t<\/section>\n\t\t\t\t<section class=\"elementor-section elementor-top-section elementor-element elementor-element-2f6a0bb elementor-section-boxed elementor-section-height-default elementor-section-height-default\" data-id=\"2f6a0bb\" data-element_type=\"section\">\n\t\t\t\t\t\t<div class=\"elementor-container elementor-column-gap-default\">\n\t\t\t\t\t\t\t<div class=\"elementor-row\">\n\t\t\t\t\t<div class=\"elementor-column elementor-col-100 elementor-top-column elementor-element elementor-element-b4f9ca0\" data-id=\"b4f9ca0\" data-element_type=\"column\">\n\t\t\t<div class=\"elementor-column-wrap elementor-element-populated\">\n\t\t\t\t\t\t\t<div class=\"elementor-widget-wrap\">\n\t\t\t\t\t\t<div class=\"elementor-element elementor-element-f847f9e elementor-widget elementor-widget-text-editor\" data-id=\"f847f9e\" data-element_type=\"widget\" data-widget_type=\"text-editor.default\">\n\t\t\t\t<div class=\"elementor-widget-container\">\n\t\t\t\t\t<div class=\"elementor-text-editor elementor-clearfix\">\t\t\t<iframe\n\t\t\t\tid=\"idIframe\"\n\t\t\t\tsrc=\"https:\/\/www.helloasso.com\/associations\/cantina\/adhesions\/adhesion-a-cantina\/widget\"\n\t\t\t\theight=750px\"\t\t\t\twidth=100%\"\t\t\t\tframeborder=\"0\"\n\t\t\t\tloading=\"lazy\"\n\t\t\t\tallowtransparency=\"true\"\n\t\t\t\tonload=\"resizeIframeMessage()\"><\/iframe>\n<\/div>\n\t\t\t\t<\/div>\n\t\t\t\t<\/div>\n\t\t\t\t\t\t<\/div>\n\t\t\t\t\t<\/div>\n\t\t<\/div>\n\t\t\t\t\t\t\t\t<\/div>\n\t\t\t\t\t<\/div>\n\t\t<\/section>\n\t\t\t\t\t\t<\/div>\n\t\t\t\t\t\t<\/div>\n\t\t\t\t\t<\/div>\n\t\t","protected":false},"excerpt":{"rendered":"<p>\u00a0 Devenir b\u00e9n\u00e9vole Chaque semaine, rejoignez-nous pour valoriser la r\u00e9cup\u00e9ration des dons de fruits et l\u00e9gumes ou pour des glanages et cueillettes dans la r\u00e9gion. Contactez Clem au 06-18-10-61-34 Adh\u00e9rer \u00e0 l&#8217;association<\/p>\n","protected":false},"author":9,"featured_media":433,"parent":0,"menu_order":0,"comment_status":"closed","ping_status":"closed","template":"","meta":{"_monsterinsights_skip_tracking":false,"_monsterinsights_sitenote_active":false,"_monsterinsights_sitenote_note":"","_monsterinsights_sitenote_category":0,"_uf_show_specific_survey":0,"_uf_disable_surveys":false,"footnotes":""},"class_list":["post-421","page","type-page","status-publish","has-post-thumbnail"],"aioseo_notices":[],"_links":{"self":[{"href":"https:\/\/cantinamarseille.com\/index.php\/wp-json\/wp\/v2\/pages\/421","targetHints":{"allow":["GET"]}}],"collection":[{"href":"https:\/\/cantinamarseille.com\/index.php\/wp-json\/wp\/v2\/pages"}],"about":[{"href":"https:\/\/cantinamarseille.com\/index.php\/wp-json\/wp\/v2\/types\/page"}],"author":[{"embeddable":true,"href":"https:\/\/cantinamarseille.com\/index.php\/wp-json\/wp\/v2\/users\/9"}],"replies":[{"embeddable":true,"href":"https:\/\/cantinamarseille.com\/index.php\/wp-json\/wp\/v2\/comments?post=421"}],"version-history":[{"count":20,"href":"https:\/\/cantinamarseille.com\/index.php\/wp-json\/wp\/v2\/pages\/421\/revisions"}],"predecessor-version":[{"id":732,"href":"https:\/\/cantinamarseille.com\/index.php\/wp-json\/wp\/v2\/pages\/421\/revisions\/732"}],"wp:featuredmedia":[{"embeddable":true,"href":"https:\/\/cantinamarseille.com\/index.php\/wp-json\/wp\/v2\/media\/433"}],"wp:attachment":[{"href":"https:\/\/cantinamarseille.com\/index.php\/wp-json\/wp\/v2\/media?parent=421"}],"curies":[{"name":"wp","href":"https:\/\/api.w.org\/{rel}","templated":true}]}}