{"id":376,"date":"2025-01-30T11:09:32","date_gmt":"2025-01-30T10:09:32","guid":{"rendered":"http:\/\/cantinamarseille.com\/?page_id=376"},"modified":"2026-03-24T12:00:53","modified_gmt":"2026-03-24T11:00:53","slug":"plateforme-primeur","status":"publish","type":"page","link":"https:\/\/cantinamarseille.com\/index.php\/plateforme-primeur\/","title":{"rendered":"Commande primeur"},"content":{"rendered":"\t\t<div data-elementor-type=\"wp-page\" data-elementor-id=\"376\" class=\"elementor elementor-376\" data-elementor-settings=\"[]\">\n\t\t\t\t\t\t<div class=\"elementor-inner\">\n\t\t\t\t\t\t\t<div class=\"elementor-section-wrap\">\n\t\t\t\t\t\t\t<section class=\"elementor-section elementor-top-section elementor-element elementor-element-92d809f elementor-section-boxed elementor-section-height-default elementor-section-height-default\" data-id=\"92d809f\" data-element_type=\"section\">\n\t\t\t\t\t\t<div class=\"elementor-container elementor-column-gap-default\">\n\t\t\t\t\t\t\t<div class=\"elementor-row\">\n\t\t\t\t\t<div class=\"elementor-column elementor-col-33 elementor-top-column elementor-element elementor-element-ee40f7d\" data-id=\"ee40f7d\" data-element_type=\"column\">\n\t\t\t<div class=\"elementor-column-wrap elementor-element-populated\">\n\t\t\t\t\t\t\t<div class=\"elementor-widget-wrap\">\n\t\t\t\t\t\t<div class=\"elementor-element elementor-element-46cc459 elementor-widget elementor-widget-image\" data-id=\"46cc459\" data-element_type=\"widget\" data-widget_type=\"image.default\">\n\t\t\t\t<div class=\"elementor-widget-container\">\n\t\t\t\t\t<div class=\"elementor-image\">\n\t\t\t\t\t\t\t\t\t\t<img loading=\"lazy\" decoding=\"async\" width=\"768\" height=\"1024\" src=\"https:\/\/cantinamarseille.com\/wp-content\/uploads\/2026\/03\/WhatsApp-Image-2026-03-24-at-11.46.15-768x1024.jpeg\" class=\"attachment-large size-large\" alt=\"\" srcset=\"https:\/\/cantinamarseille.com\/wp-content\/uploads\/2026\/03\/WhatsApp-Image-2026-03-24-at-11.46.15-768x1024.jpeg 768w, https:\/\/cantinamarseille.com\/wp-content\/uploads\/2026\/03\/WhatsApp-Image-2026-03-24-at-11.46.15-225x300.jpeg 225w, https:\/\/cantinamarseille.com\/wp-content\/uploads\/2026\/03\/WhatsApp-Image-2026-03-24-at-11.46.15-770x1027.jpeg 770w, https:\/\/cantinamarseille.com\/wp-content\/uploads\/2026\/03\/WhatsApp-Image-2026-03-24-at-11.46.15-1152x1536.jpeg 1152w, https:\/\/cantinamarseille.com\/wp-content\/uploads\/2026\/03\/WhatsApp-Image-2026-03-24-at-11.46.15-500x667.jpeg 500w, https:\/\/cantinamarseille.com\/wp-content\/uploads\/2026\/03\/WhatsApp-Image-2026-03-24-at-11.46.15-600x800.jpeg 600w, https:\/\/cantinamarseille.com\/wp-content\/uploads\/2026\/03\/WhatsApp-Image-2026-03-24-at-11.46.15.jpeg 1200w\" sizes=\"auto, (max-width: 768px) 100vw, 768px\" \/>\t\t\t\t\t\t\t\t\t\t\t<\/div>\n\t\t\t\t<\/div>\n\t\t\t\t<\/div>\n\t\t\t\t<div class=\"elementor-element elementor-element-1d54aa5 elementor-widget elementor-widget-text-editor\" data-id=\"1d54aa5\" data-element_type=\"widget\" data-widget_type=\"text-editor.default\">\n\t\t\t\t<div class=\"elementor-widget-container\">\n\t\t\t\t\t<div class=\"elementor-text-editor elementor-clearfix\"><h6><span style=\"color: #993366;\">Contact<\/span><\/h6><p><strong>Aubin Puech<\/strong><br \/>aubinp@cantinamarseille.com<br \/>06 24 57 42 63<\/p><\/div>\n\t\t\t\t<\/div>\n\t\t\t\t<\/div>\n\t\t\t\t\t\t<\/div>\n\t\t\t\t\t<\/div>\n\t\t<\/div>\n\t\t\t\t<div class=\"elementor-column elementor-col-66 elementor-top-column elementor-element elementor-element-5ee7b24\" data-id=\"5ee7b24\" data-element_type=\"column\">\n\t\t\t<div class=\"elementor-column-wrap elementor-element-populated\">\n\t\t\t\t\t\t\t<div class=\"elementor-widget-wrap\">\n\t\t\t\t\t\t<div class=\"elementor-element elementor-element-4904e60 elementor-widget elementor-widget-text-editor\" data-id=\"4904e60\" data-element_type=\"widget\" data-widget_type=\"text-editor.default\">\n\t\t\t\t<div class=\"elementor-widget-container\">\n\t\t\t\t\t<div class=\"elementor-text-editor elementor-clearfix\"><h2><span style=\"color: #993366;\"><strong>Approvisionnement primeur circuit court<\/strong><\/span><\/h2>\n<p><strong>L\u2019association Cantina f\u00e9d\u00e8re un r\u00e9seau de producteurs\u00b7rices locaux\u00b7locales pour r\u00e9pondre aux besoins en produits frais de ses partenaires solidaires du centre de Marseille.<\/strong><\/p>\n<p>Cantina sollicite des producteurs\u00b7rices \u00e0 moins d\u20191h de Marseille pour l&#8217;achat de denr\u00e9es de qualit\u00e9 \u00e0 prix juste. Elle facilite ainsi l&#8217;acc\u00e8s de produits frais \u00e0 ses partenaires solidaires et de l&#8217;aide alimentaire en op\u00e9rant directement commande et livraison en circuit-court.<\/p>\n<p>Parce que Cantina est solidaire des producteurs\u00b7rices et d\u00e9fend la mise en place de syst\u00e8mes agricoles durables et \u00e9quitables, l\u2019association recherche des prix raisonn\u00e9s pour tous\u00b7tes.<\/p>\n<p>Les producteurs\u00b7rices ne sont plus sollicit\u00e9s\u00b7es uniquement pour des dons (r\u00e9cup\u00e9ration ou cueillette) mais aussi pour de l\u2019achat, ce qui initie un cercle vertueux de r\u00e9tribution et alimente l&#8217;activit\u00e9 d\u2019aide alimentaire puisque les producteurs\u00b7rices pensent plus facilement \u00e0 Cantina pour des dons de surplus.<\/p><\/div>\n\t\t\t\t<\/div>\n\t\t\t\t<\/div>\n\t\t\t\t\t\t<\/div>\n\t\t\t\t\t<\/div>\n\t\t<\/div>\n\t\t\t\t\t\t\t\t<\/div>\n\t\t\t\t\t<\/div>\n\t\t<\/section>\n\t\t\t\t\t\t<\/div>\n\t\t\t\t\t\t<\/div>\n\t\t\t\t\t<\/div>\n\t\t","protected":false},"excerpt":{"rendered":"<p>Contact Aubin Puechaubinp@cantinamarseille.com06 24 57 42 63 Approvisionnement primeur circuit court L\u2019association Cantina f\u00e9d\u00e8re un r\u00e9seau de producteurs\u00b7rices locaux\u00b7locales pour r\u00e9pondre aux besoins en produits frais de ses partenaires solidaires du centre de Marseille. Cantina sollicite des producteurs\u00b7rices \u00e0 moins d\u20191h de Marseille pour l&#8217;achat de denr\u00e9es de qualit\u00e9 \u00e0 prix juste. Elle facilite ainsi l&#8217;acc\u00e8s de produits frais \u00e0 ses partenaires solidaires et de l&#8217;aide alimentaire en op\u00e9rant directement commande et livraison en circuit-court. Parce que Cantina est solidaire des producteurs\u00b7rices et d\u00e9fend la mise en place de syst\u00e8mes agricoles durables et \u00e9quitables, l\u2019association recherche des prix raisonn\u00e9s pour tous\u00b7tes. Les producteurs\u00b7rices ne sont plus sollicit\u00e9s\u00b7es uniquement pour des dons (r\u00e9cup\u00e9ration ou cueillette) mais aussi pour de l\u2019achat, ce qui initie un cercle vertueux de r\u00e9tribution et alimente l&#8217;activit\u00e9 d\u2019aide alimentaire puisque les producteurs\u00b7rices pensent plus facilement \u00e0 Cantina pour des dons de surplus.<\/p>\n","protected":false},"author":9,"featured_media":477,"parent":0,"menu_order":0,"comment_status":"closed","ping_status":"closed","template":"","meta":{"_monsterinsights_skip_tracking":false,"_monsterinsights_sitenote_active":false,"_monsterinsights_sitenote_note":"","_monsterinsights_sitenote_category":0,"_uf_show_specific_survey":0,"_uf_disable_surveys":false,"footnotes":""},"class_list":["post-376","page","type-page","status-publish","has-post-thumbnail"],"aioseo_notices":[],"_links":{"self":[{"href":"https:\/\/cantinamarseille.com\/index.php\/wp-json\/wp\/v2\/pages\/376","targetHints":{"allow":["GET"]}}],"collection":[{"href":"https:\/\/cantinamarseille.com\/index.php\/wp-json\/wp\/v2\/pages"}],"about":[{"href":"https:\/\/cantinamarseille.com\/index.php\/wp-json\/wp\/v2\/types\/page"}],"author":[{"embeddable":true,"href":"https:\/\/cantinamarseille.com\/index.php\/wp-json\/wp\/v2\/users\/9"}],"replies":[{"embeddable":true,"href":"https:\/\/cantinamarseille.com\/index.php\/wp-json\/wp\/v2\/comments?post=376"}],"version-history":[{"count":38,"href":"https:\/\/cantinamarseille.com\/index.php\/wp-json\/wp\/v2\/pages\/376\/revisions"}],"predecessor-version":[{"id":740,"href":"https:\/\/cantinamarseille.com\/index.php\/wp-json\/wp\/v2\/pages\/376\/revisions\/740"}],"wp:featuredmedia":[{"embeddable":true,"href":"https:\/\/cantinamarseille.com\/index.php\/wp-json\/wp\/v2\/media\/477"}],"wp:attachment":[{"href":"https:\/\/cantinamarseille.com\/index.php\/wp-json\/wp\/v2\/media?parent=376"}],"curies":[{"name":"wp","href":"https:\/\/api.w.org\/{rel}","templated":true}]}}